{"id":2,"date":"2020-06-02T13:47:17","date_gmt":"2020-06-02T11:47:17","guid":{"rendered":"http:\/\/reconatura.org\/?page_id=2"},"modified":"2025-04-07T12:36:37","modified_gmt":"2025-04-07T10:36:37","slug":"page-d-exemple","status":"publish","type":"page","link":"https:\/\/reconatura.org\/","title":{"rendered":"RECONATURA &#8211; HOME"},"content":{"rendered":"<div id='full_slider_1'  class='avia-fullwidth-slider main_color avia-shadow  av-medium-hide av-small-hide av-mini-hide  avia-builder-el-0  el_before_av_slideshow_full  avia-builder-el-first   container_wrap sidebar_right' style=' '  ><div   data-size='no scaling'  data-lightbox_size='large'  data-animation='fade'  data-conditional_play=''  data-ids='29'  data-video_counter='0'  data-autoplay='true'  data-bg_slider='false'  data-slide_height=''  data-handle='av_slideshow_full'  data-interval='5'  data-class=' '  data-el_id=''  data-css_id=''  data-scroll_down=''  data-control_layout='av-control-default'  data-custom_markup=''  data-perma_caption=''  data-autoplay_stopper=''  data-image_attachment=''  data-min_height='0px'  data-src=''  data-position='top left'  data-repeat='no-repeat'  data-attach='scroll'  data-stretch=''  class='avia-slideshow avia-slideshow-1  av-control-default av-default-height-applied avia-slideshow-no scaling av_slideshow_full   avia-fade-slider '  itemprop=\"image\" itemscope=\"itemscope\" itemtype=\"https:\/\/schema.org\/ImageObject\" ><ul class='avia-slideshow-inner ' style='padding-bottom: 26.041666666667%;' ><li  class=' av-single-slide slide-1 ' ><div data-rel='slideshow-1' class='avia-slide-wrap '   ><img src='https:\/\/reconatura.org\/wp-content\/uploads\/2020\/06\/SLIDER-HOME-ESTRECHO.png' width='1920' height='500' title='SLIDER-HOME-ESTRECHO' alt=''  itemprop=\"thumbnailUrl\"   \/><\/div><\/li><\/ul><\/div><\/div>\n<div id='full_slider_2'  class='avia-fullwidth-slider main_color avia-shadow  av-desktop-hide  avia-builder-el-1  el_after_av_slideshow_full  el_before_av_textblock   slider-not-first container_wrap sidebar_right' style=' '  ><div   data-size='no scaling'  data-lightbox_size='large'  data-animation='fade'  data-conditional_play=''  data-ids='28'  data-video_counter='0'  data-autoplay='true'  data-bg_slider='false'  data-slide_height=''  data-handle='av_slideshow_full'  data-interval='5'  data-class=' '  data-el_id=''  data-css_id=''  data-scroll_down=''  data-control_layout='av-control-default'  data-custom_markup=''  data-perma_caption=''  data-autoplay_stopper=''  data-image_attachment=''  data-min_height='0px'  data-src=''  data-position='top left'  data-repeat='no-repeat'  data-attach='scroll'  data-stretch=''  class='avia-slideshow avia-slideshow-2  av-control-default av-default-height-applied avia-slideshow-no scaling av_slideshow_full   avia-fade-slider '  itemprop=\"image\" itemscope=\"itemscope\" itemtype=\"https:\/\/schema.org\/ImageObject\" ><ul class='avia-slideshow-inner ' style='padding-bottom: 52.083333333333%;' ><li  class=' av-single-slide slide-1 ' ><div data-rel='slideshow-2' class='avia-slide-wrap '   ><img src='https:\/\/reconatura.org\/wp-content\/uploads\/2020\/06\/SLIDER-HOME-ANCHO.jpg' width='1920' height='1000' title='SLIDER-HOME-ANCHO' alt=''  itemprop=\"thumbnailUrl\"   \/><\/div><\/li><\/ul><\/div><\/div><div id='after_full_slider_2'  class='main_color av_default_container_wrap container_wrap sidebar_right' style=' '  ><div class='container' ><div class='template-page content  av-content-small alpha units'><div class='post-entry post-entry-type-page post-entry-2'><div class='entry-content-wrapper clearfix'>\n<section class=\"av_textblock_section \"  itemscope=\"itemscope\" itemtype=\"https:\/\/schema.org\/CreativeWork\" ><div class='avia_textblock  '   itemprop=\"text\" ><p>Bienvenido a la pagina web de Reconatura. Esta web esta en construcci\u00f3n, disculpe las molestias.<\/p>\n<div style=\"position: absolute; left: -882565px;\">\n<h2>Legalne Polskie Kasyno Online \u2013 szybka rejestracja, atrakcyjne bonusy i b\u0142yskawiczne wyp\u0142aty<\/h2>\n<p>Nie ma nic bardziej irytuj\u0105cego ni\u017c skomplikowana rejestracja w kasynie online. Dlatego tak ceni\u0119 legalne polskie kasyna, kt\u00f3re upro\u015bci\u0142y ten proces do minimum. Wystarczy kilka klikni\u0119\u0107, aby za\u0142o\u017cy\u0107 konto \u2013 bez konieczno\u015bci przesy\u0142ania stosu dokument\u00f3w na samym pocz\u0105tku. Co wi\u0119cej, coraz wi\u0119cej kasyn oferuje rejestracj\u0119 za pomoc\u0105 bankowo\u015bci internetowej, co oszcz\u0119dza mn\u00f3stwo czasu. To sprawia, \u017ce mog\u0119 niemal natychmiast zanurzy\u0107 si\u0119 w grze, zamiast traci\u0107 czas na formalno\u015bci.<\/p>\n<p>Bonusy to kolejna rzecz, kt\u00f3ra przyci\u0105ga mnie do legalnych polskich kasyn online. Nie chodzi tu tylko o standardowy bonus powitalny \u2013 wiele kasyn nagradza lojalnych graczy cotygodniowymi promocjami, darmowymi spinami czy cashbackiem. Jednak zanim skorzystam z oferty, zawsze dok\u0142adnie sprawdzam regulamin \u2013 niekt\u00f3re bonusy maj\u0105 wymagania obrotu, kt\u00f3re mog\u0105 by\u0107 trudne do spe\u0142nienia. Strona <strong>https:\/\/legalkasyna.pl\/<\/strong> jest \u015bwietnym \u017ar\u00f3d\u0142em informacji na temat najlepszych ofert w polskich kasynach online.<\/p>\n<p><a href=\"https:\/\/legalkasyna.pl\/\"><img src=\"https:\/\/ckkopernika.pl\/wp-content\/uploads\/2025\/03\/kasyno-online-banner-1024x412-1.png\" alt=\"logo www.legalkasyna.pl\" \/><\/a>Nie mniej wa\u017cna jest dla mnie szybko\u015b\u0107 wyp\u0142at. Nic nie psuje rado\u015bci z wygranej bardziej ni\u017c d\u0142ugie oczekiwanie na przelew. W legalnych polskich kasynach online pieni\u0105dze trafiaj\u0105 na konto b\u0142yskawicznie, zw\u0142aszcza je\u015bli korzystam z e-portfeli lub BLIK-a. Oczywi\u015bcie, zdarzaj\u0105 si\u0119 wyj\u0105tki, ale je\u015bli kasyno dzia\u0142a zgodnie z polskimi regulacjami, mog\u0119 by\u0107 pewien, \u017ce moje \u015brodki s\u0105 bezpieczne i dost\u0119pne bez zb\u0119dnej zw\u0142oki.<\/p>\n<\/div>\n<\/div><\/section>\n","protected":false},"excerpt":{"rendered":"","protected":false},"author":1,"featured_media":0,"parent":0,"menu_order":0,"comment_status":"closed","ping_status":"open","template":"","meta":[],"yoast_head":"<!-- This site is optimized with the Yoast SEO plugin v20.6 - https:\/\/yoast.com\/wordpress\/plugins\/seo\/ -->\n<title>RECONATURA - HOME - Reconatura<\/title>\n<meta name=\"robots\" content=\"index, follow, max-snippet:-1, max-image-preview:large, max-video-preview:-1\" \/>\n<link rel=\"canonical\" href=\"https:\/\/reconatura.org\/index.php\/page-d-exemple\/\" \/>\n<meta property=\"og:locale\" content=\"es_ES\" \/>\n<meta property=\"og:type\" content=\"article\" \/>\n<meta property=\"og:title\" content=\"RECONATURA - HOME - Reconatura\" \/>\n<meta property=\"og:url\" content=\"https:\/\/reconatura.org\/index.php\/page-d-exemple\/\" \/>\n<meta property=\"og:site_name\" content=\"Reconatura\" \/>\n<meta property=\"article:modified_time\" content=\"2025-04-07T10:36:37+00:00\" \/>\n<meta property=\"og:image\" content=\"https:\/\/ckkopernika.pl\/wp-content\/uploads\/2025\/03\/kasyno-online-banner-1024x412-1.png\" \/>\n<meta name=\"twitter:card\" content=\"summary_large_image\" \/>\n<meta name=\"twitter:label1\" content=\"Tiempo de lectura\" \/>\n\t<meta name=\"twitter:data1\" content=\"5 minutos\" \/>\n<script type=\"application\/ld+json\" class=\"yoast-schema-graph\">{\"@context\":\"https:\/\/schema.org\",\"@graph\":[{\"@type\":\"WebPage\",\"@id\":\"https:\/\/reconatura.org\/index.php\/page-d-exemple\/\",\"url\":\"https:\/\/reconatura.org\/index.php\/page-d-exemple\/\",\"name\":\"RECONATURA - HOME - Reconatura\",\"isPartOf\":{\"@id\":\"https:\/\/reconatura.org\/#website\"},\"datePublished\":\"2020-06-02T11:47:17+00:00\",\"dateModified\":\"2025-04-07T10:36:37+00:00\",\"breadcrumb\":{\"@id\":\"https:\/\/reconatura.org\/index.php\/page-d-exemple\/#breadcrumb\"},\"inLanguage\":\"es\",\"potentialAction\":[{\"@type\":\"ReadAction\",\"target\":[\"https:\/\/reconatura.org\/index.php\/page-d-exemple\/\"]}]},{\"@type\":\"BreadcrumbList\",\"@id\":\"https:\/\/reconatura.org\/index.php\/page-d-exemple\/#breadcrumb\",\"itemListElement\":[{\"@type\":\"ListItem\",\"position\":1,\"name\":\"Portada\",\"item\":\"https:\/\/reconatura.org\/index.php\/page-d-exemple\/\"},{\"@type\":\"ListItem\",\"position\":2,\"name\":\"RECONATURA &#8211; HOME\"}]},{\"@type\":\"WebSite\",\"@id\":\"https:\/\/reconatura.org\/#website\",\"url\":\"https:\/\/reconatura.org\/\",\"name\":\"Reconatura\",\"description\":\"Recuperaci\u00f3n de recursos y reciclaje\",\"potentialAction\":[{\"@type\":\"SearchAction\",\"target\":{\"@type\":\"EntryPoint\",\"urlTemplate\":\"https:\/\/reconatura.org\/?s={search_term_string}\"},\"query-input\":\"required name=search_term_string\"}],\"inLanguage\":\"es\"}]}<\/script>\n<!-- \/ Yoast SEO plugin. -->","yoast_head_json":{"title":"RECONATURA - HOME - Reconatura","robots":{"index":"index","follow":"follow","max-snippet":"max-snippet:-1","max-image-preview":"max-image-preview:large","max-video-preview":"max-video-preview:-1"},"canonical":"https:\/\/reconatura.org\/index.php\/page-d-exemple\/","og_locale":"es_ES","og_type":"article","og_title":"RECONATURA - HOME - Reconatura","og_url":"https:\/\/reconatura.org\/index.php\/page-d-exemple\/","og_site_name":"Reconatura","article_modified_time":"2025-04-07T10:36:37+00:00","og_image":[{"url":"https:\/\/ckkopernika.pl\/wp-content\/uploads\/2025\/03\/kasyno-online-banner-1024x412-1.png"}],"twitter_card":"summary_large_image","twitter_misc":{"Tiempo de lectura":"5 minutos"},"schema":{"@context":"https:\/\/schema.org","@graph":[{"@type":"WebPage","@id":"https:\/\/reconatura.org\/index.php\/page-d-exemple\/","url":"https:\/\/reconatura.org\/index.php\/page-d-exemple\/","name":"RECONATURA - HOME - Reconatura","isPartOf":{"@id":"https:\/\/reconatura.org\/#website"},"datePublished":"2020-06-02T11:47:17+00:00","dateModified":"2025-04-07T10:36:37+00:00","breadcrumb":{"@id":"https:\/\/reconatura.org\/index.php\/page-d-exemple\/#breadcrumb"},"inLanguage":"es","potentialAction":[{"@type":"ReadAction","target":["https:\/\/reconatura.org\/index.php\/page-d-exemple\/"]}]},{"@type":"BreadcrumbList","@id":"https:\/\/reconatura.org\/index.php\/page-d-exemple\/#breadcrumb","itemListElement":[{"@type":"ListItem","position":1,"name":"Portada","item":"https:\/\/reconatura.org\/index.php\/page-d-exemple\/"},{"@type":"ListItem","position":2,"name":"RECONATURA &#8211; HOME"}]},{"@type":"WebSite","@id":"https:\/\/reconatura.org\/#website","url":"https:\/\/reconatura.org\/","name":"Reconatura","description":"Recuperaci\u00f3n de recursos y reciclaje","potentialAction":[{"@type":"SearchAction","target":{"@type":"EntryPoint","urlTemplate":"https:\/\/reconatura.org\/?s={search_term_string}"},"query-input":"required name=search_term_string"}],"inLanguage":"es"}]}},"_links":{"self":[{"href":"https:\/\/reconatura.org\/index.php\/wp-json\/wp\/v2\/pages\/2"}],"collection":[{"href":"https:\/\/reconatura.org\/index.php\/wp-json\/wp\/v2\/pages"}],"about":[{"href":"https:\/\/reconatura.org\/index.php\/wp-json\/wp\/v2\/types\/page"}],"author":[{"embeddable":true,"href":"https:\/\/reconatura.org\/index.php\/wp-json\/wp\/v2\/users\/1"}],"replies":[{"embeddable":true,"href":"https:\/\/reconatura.org\/index.php\/wp-json\/wp\/v2\/comments?post=2"}],"version-history":[{"count":7,"href":"https:\/\/reconatura.org\/index.php\/wp-json\/wp\/v2\/pages\/2\/revisions"}],"predecessor-version":[{"id":28656,"href":"https:\/\/reconatura.org\/index.php\/wp-json\/wp\/v2\/pages\/2\/revisions\/28656"}],"wp:attachment":[{"href":"https:\/\/reconatura.org\/index.php\/wp-json\/wp\/v2\/media?parent=2"}],"curies":[{"name":"wp","href":"https:\/\/api.w.org\/{rel}","templated":true}]}}