{"id":40,"date":"2021-06-09T01:58:01","date_gmt":"2021-06-08T23:58:01","guid":{"rendered":"https:\/\/reconatura.org\/?page_id=40"},"modified":"2021-06-09T02:14:19","modified_gmt":"2021-06-09T00:14:19","slug":"quienes-somos","status":"publish","type":"page","link":"https:\/\/reconatura.org\/index.php\/quienes-somos\/","title":{"rendered":"Qui\u00e9nes somos"},"content":{"rendered":"<div  style='padding-bottom:10px; ' class='av-special-heading av-special-heading-h2  blockquote modern-quote modern-centered  avia-builder-el-0  el_before_av_hr  avia-builder-el-first  '><h2 class='av-special-heading-tag '  itemprop=\"headline\"  >Quienes somos:<\/h2><div class='special-heading-border'><div class='special-heading-inner-border' ><\/div><\/div><\/div>\n<div   class='hr hr-default   avia-builder-el-1  el_after_av_heading  el_before_av_textblock '><span class='hr-inner ' ><span class='hr-inner-style'><\/span><\/span><\/div>\n<section class=\"av_textblock_section \"  itemscope=\"itemscope\" itemtype=\"https:\/\/schema.org\/CreativeWork\" ><div class='avia_textblock  '   itemprop=\"text\" ><p><strong>FUNDACI\u00d3N RECONATURA<\/strong> es una <strong>entidad sin \u00e1nimo de lucro<\/strong> de acuerdo con la Ley 49\/2002 del r\u00e9gimen fiscal de las entidades sin fines lucrativos, que centra sus actividades fundamentalmente en la consecuci\u00f3n de fines de inter\u00e9s general de car\u00e1cter social, medioambiental, educativo, cultural, y de fomento, desarrollo e innovaci\u00f3n.<\/p>\n<p>Entre nuestros objetivos fundamentales se encuentran los siguientes:<\/p>\n<ol>\n<li>\u00a0<strong>La readaptaci\u00f3n, inserci\u00f3n e integraci\u00f3n social y laboral de personas con dificultades de adaptaci\u00f3n<\/strong> (personas con discapacidad &#8211; sea de car\u00e1cter f\u00edsico, ps\u00edquico y\/o sensorial-, personas mayores, y en general, colectivos vulnerables con an\u00e1logas dificultades en los mencionados \u00e1mbitos).<\/li>\n<li><strong>El apoyo y promoci\u00f3n de la cultura y las tradiciones, mediante la difusi\u00f3n del conocimiento y la promoci\u00f3n de actividades culturales<\/strong>. Fomento del contacto y harmon\u00eda con el medio rural, los oficios tradicionales, la artesan\u00eda, etc.<\/li>\n<li><strong>La investigaci\u00f3n, desarrollo e innovaci\u00f3n en los \u00e1mbitos de la integraci\u00f3n sociolaboral de colectivos vulnerables y del medio ambiente<\/strong>: buenas pr\u00e1cticas medioambientales, ecodise\u00f1o, t\u00e9cnicas de recuperaci\u00f3n de recursos y reciclaje, sostenibilidad, Econom\u00eda Circular y Residuo Cero, etc.<\/li>\n<li><strong>La sensibilizaci\u00f3n y creaci\u00f3n de conciencia ambiental para ciudadanos de todas las edades y colectivos a trav\u00e9s de la difusi\u00f3n de informaci\u00f3n y el fomento de h\u00e1bitos medioambientalmente sostenibles<\/strong>, muy especialmente en los \u00e1mbitos familiares, comenzando por los m\u00e1s j\u00f3venes, promoviendo la generalizaci\u00f3n de h\u00e1bitos medioambientalmente sostenibles en las generaciones presentes as\u00ed como en las generaciones futuras.<\/li>\n<li><strong>La formaci\u00f3n y educaci\u00f3n medioambiental a todos los niveles.<\/strong><\/li>\n<li><strong>La gesti\u00f3n, coordinaci\u00f3n, asesoramiento, asistencia t\u00e9cnica y an\u00e1lisis de la actividad educativa, formativa e investigadora en medio ambiente, sostenibilidad y Residuo Cero, as\u00ed como en integraci\u00f3n sociolaboral de personas con discapacidad y otros colectivos vulnerables.<\/strong><\/li>\n<li><strong>El establecimiento de una aut\u00e9ntica Econom\u00eda Circular y la consecuci\u00f3n del objetivo medioambiental de Residuo Cero<\/strong>. Lograr el establecimiento de una sociedad totalmente sostenible que pueda coexistir en armon\u00eda con el entorno, basada en una producci\u00f3n racional y un consumo eficiente y responsable, sin renunciar al crecimiento y desarrollo tanto econ\u00f3mico como social, ni a la salud y bienestar social. Favorecer la reincorporaci\u00f3n de todo resto, subproducto o material, sea generado en la fase post-industrial o post-consumo, a los ciclos productivos como nuevos recursos, evitando su descarte o desecho y por tanto, su conversi\u00f3n en residuo.<\/li>\n<li><strong>El aut\u00e9ntico aprovechamiento y eficiencia de recursos, junto a la efectiva prevenci\u00f3n de la generaci\u00f3n de residuos.<\/strong> Promover el mejor y m\u00e1s eficiente uso de todos los recursos y materiales que se utilicen, aprovech\u00e1ndolos al m\u00e1ximo para evitar tanto el despilfarro como la generaci\u00f3n de residuos.<\/li>\n<\/ol>\n<\/div><\/section>\n","protected":false},"excerpt":{"rendered":"","protected":false},"author":2,"featured_media":0,"parent":0,"menu_order":0,"comment_status":"closed","ping_status":"closed","template":"","meta":[],"yoast_head":"<!-- This site is optimized with the Yoast SEO plugin v20.6 - https:\/\/yoast.com\/wordpress\/plugins\/seo\/ -->\n<title>Qui\u00e9nes somos - Reconatura<\/title>\n<meta name=\"robots\" content=\"index, follow, max-snippet:-1, max-image-preview:large, max-video-preview:-1\" \/>\n<link rel=\"canonical\" href=\"https:\/\/reconatura.org\/index.php\/quienes-somos\/\" \/>\n<meta property=\"og:locale\" content=\"es_ES\" \/>\n<meta property=\"og:type\" content=\"article\" \/>\n<meta property=\"og:title\" content=\"Qui\u00e9nes somos - Reconatura\" \/>\n<meta property=\"og:url\" content=\"https:\/\/reconatura.org\/index.php\/quienes-somos\/\" \/>\n<meta property=\"og:site_name\" content=\"Reconatura\" \/>\n<meta property=\"article:modified_time\" content=\"2021-06-09T00:14:19+00:00\" \/>\n<meta name=\"twitter:card\" content=\"summary_large_image\" \/>\n<meta name=\"twitter:label1\" content=\"Tiempo de lectura\" \/>\n\t<meta name=\"twitter:data1\" content=\"3 minutos\" \/>\n<script type=\"application\/ld+json\" class=\"yoast-schema-graph\">{\"@context\":\"https:\/\/schema.org\",\"@graph\":[{\"@type\":\"WebPage\",\"@id\":\"https:\/\/reconatura.org\/index.php\/quienes-somos\/\",\"url\":\"https:\/\/reconatura.org\/index.php\/quienes-somos\/\",\"name\":\"Qui\u00e9nes somos - Reconatura\",\"isPartOf\":{\"@id\":\"https:\/\/reconatura.org\/#website\"},\"datePublished\":\"2021-06-08T23:58:01+00:00\",\"dateModified\":\"2021-06-09T00:14:19+00:00\",\"breadcrumb\":{\"@id\":\"https:\/\/reconatura.org\/index.php\/quienes-somos\/#breadcrumb\"},\"inLanguage\":\"es\",\"potentialAction\":[{\"@type\":\"ReadAction\",\"target\":[\"https:\/\/reconatura.org\/index.php\/quienes-somos\/\"]}]},{\"@type\":\"BreadcrumbList\",\"@id\":\"https:\/\/reconatura.org\/index.php\/quienes-somos\/#breadcrumb\",\"itemListElement\":[{\"@type\":\"ListItem\",\"position\":1,\"name\":\"Portada\",\"item\":\"https:\/\/reconatura.org\/index.php\/page-d-exemple\/\"},{\"@type\":\"ListItem\",\"position\":2,\"name\":\"Qui\u00e9nes somos\"}]},{\"@type\":\"WebSite\",\"@id\":\"https:\/\/reconatura.org\/#website\",\"url\":\"https:\/\/reconatura.org\/\",\"name\":\"Reconatura\",\"description\":\"Recuperaci\u00f3n de recursos y reciclaje\",\"potentialAction\":[{\"@type\":\"SearchAction\",\"target\":{\"@type\":\"EntryPoint\",\"urlTemplate\":\"https:\/\/reconatura.org\/?s={search_term_string}\"},\"query-input\":\"required name=search_term_string\"}],\"inLanguage\":\"es\"}]}<\/script>\n<!-- \/ Yoast SEO plugin. -->","yoast_head_json":{"title":"Qui\u00e9nes somos - Reconatura","robots":{"index":"index","follow":"follow","max-snippet":"max-snippet:-1","max-image-preview":"max-image-preview:large","max-video-preview":"max-video-preview:-1"},"canonical":"https:\/\/reconatura.org\/index.php\/quienes-somos\/","og_locale":"es_ES","og_type":"article","og_title":"Qui\u00e9nes somos - Reconatura","og_url":"https:\/\/reconatura.org\/index.php\/quienes-somos\/","og_site_name":"Reconatura","article_modified_time":"2021-06-09T00:14:19+00:00","twitter_card":"summary_large_image","twitter_misc":{"Tiempo de lectura":"3 minutos"},"schema":{"@context":"https:\/\/schema.org","@graph":[{"@type":"WebPage","@id":"https:\/\/reconatura.org\/index.php\/quienes-somos\/","url":"https:\/\/reconatura.org\/index.php\/quienes-somos\/","name":"Qui\u00e9nes somos - Reconatura","isPartOf":{"@id":"https:\/\/reconatura.org\/#website"},"datePublished":"2021-06-08T23:58:01+00:00","dateModified":"2021-06-09T00:14:19+00:00","breadcrumb":{"@id":"https:\/\/reconatura.org\/index.php\/quienes-somos\/#breadcrumb"},"inLanguage":"es","potentialAction":[{"@type":"ReadAction","target":["https:\/\/reconatura.org\/index.php\/quienes-somos\/"]}]},{"@type":"BreadcrumbList","@id":"https:\/\/reconatura.org\/index.php\/quienes-somos\/#breadcrumb","itemListElement":[{"@type":"ListItem","position":1,"name":"Portada","item":"https:\/\/reconatura.org\/index.php\/page-d-exemple\/"},{"@type":"ListItem","position":2,"name":"Qui\u00e9nes somos"}]},{"@type":"WebSite","@id":"https:\/\/reconatura.org\/#website","url":"https:\/\/reconatura.org\/","name":"Reconatura","description":"Recuperaci\u00f3n de recursos y reciclaje","potentialAction":[{"@type":"SearchAction","target":{"@type":"EntryPoint","urlTemplate":"https:\/\/reconatura.org\/?s={search_term_string}"},"query-input":"required name=search_term_string"}],"inLanguage":"es"}]}},"_links":{"self":[{"href":"https:\/\/reconatura.org\/index.php\/wp-json\/wp\/v2\/pages\/40"}],"collection":[{"href":"https:\/\/reconatura.org\/index.php\/wp-json\/wp\/v2\/pages"}],"about":[{"href":"https:\/\/reconatura.org\/index.php\/wp-json\/wp\/v2\/types\/page"}],"author":[{"embeddable":true,"href":"https:\/\/reconatura.org\/index.php\/wp-json\/wp\/v2\/users\/2"}],"replies":[{"embeddable":true,"href":"https:\/\/reconatura.org\/index.php\/wp-json\/wp\/v2\/comments?post=40"}],"version-history":[{"count":2,"href":"https:\/\/reconatura.org\/index.php\/wp-json\/wp\/v2\/pages\/40\/revisions"}],"predecessor-version":[{"id":59,"href":"https:\/\/reconatura.org\/index.php\/wp-json\/wp\/v2\/pages\/40\/revisions\/59"}],"wp:attachment":[{"href":"https:\/\/reconatura.org\/index.php\/wp-json\/wp\/v2\/media?parent=40"}],"curies":[{"name":"wp","href":"https:\/\/api.w.org\/{rel}","templated":true}]}}